{"id":594,"date":"2020-10-31T02:35:26","date_gmt":"2020-10-30T23:35:26","guid":{"rendered":"http:\/\/www.buraksen.com\/?page_id=594"},"modified":"2020-10-31T02:35:26","modified_gmt":"2020-10-30T23:35:26","slug":"barkod-cozumleri","status":"publish","type":"page","link":"https:\/\/www.buraksen.com\/index.php\/barkod-cozumleri\/","title":{"rendered":"BARKOD \u00c7\u00d6Z\u00dcMLER\u0130"},"content":{"rendered":"<p style=\"text-align: center;\"><span class=\"dropcap1\" style=\"color: #333399;\"><strong>BARKOD OTOMASYON<\/strong><\/span><\/p>\n<p>Barkod otomasyon ile ilgili yaz\u0131l\u0131m, donan\u0131m, sarf malzeme, sat\u0131\u015f ve teknik servis gibi konularda hizmet, destek vermekteyiz. Bunun yan\u0131nda \u201cOT\/VT\u201d Otomatik Tan\u0131ma ve Veri Toplama konusunda; perakende, tekstil, haz\u0131r giyim, ma\u011fazac\u0131l\u0131k, saha sat\u0131\u015f, lojistik, depolama, sa\u011fl\u0131k, g\u0131da, \u00fcretim sekt\u00f6rlerinde yapt\u0131\u011f\u0131m\u0131z projeler ile firmalara \u00f6zel \u00e7\u00f6z\u00fcmler \u00fcreterek katma de\u011ferli faydalar sa\u011flamaktay\u0131z.<\/p>\n<p>Yapmay\u0131 planlad\u0131\u011f\u0131n\u0131z yaz\u0131l\u0131m ve\/veya donan\u0131m projelerinizde, do\u011fru \u00e7\u00f6z\u00fcm, do\u011fru \u00fcr\u00fcn, do\u011fru marka konusunda bilgi ve tecr\u00fcbelerimizi sunarak sizlere \u00e7e\u015fitli \u00f6nerilerde bulunuyoruz. Projenin t\u00fcm s\u00fcrecini birlikte planlad\u0131ktan sonra daha \u00f6nce yapt\u0131\u011f\u0131m\u0131z ve halen kullan\u0131lan ba\u015far\u0131l\u0131 projelerdeki \u00f6rnekleri sizlerle payla\u015f\u0131yoruz. Dilerseniz demo \u00e7al\u0131\u015fmas\u0131, pilot uygulama ger\u00e7ekle\u015ftiriyoruz.<\/p>\n<table>\n<tbody>\n<tr>\n<td style=\"text-align: center;\" width=\"349\">\n<p style=\"text-align: left;\"><span class=\"td_btn td_btn_lg td_outlined_btn\" style=\"color: #000080;\"><strong>H\u0130ZMETLER\u0130M\u0130Z<\/strong><\/span><\/p>\n<\/td>\n<td width=\"349\">\n<p style=\"text-align: left;\"><span class=\"td_btn td_btn_lg td_outlined_btn\" style=\"color: #000080;\"><strong>\u00dcR\u00dcNLER\u0130M\u0130Z<\/strong><\/span><\/p>\n<\/td>\n<\/tr>\n<tr>\n<td width=\"349\">Teknik Servis Bak\u0131m Onar\u0131m Hizmetleri<\/p>\n<p>Yerinde Servis &#8211; Telefon Destek<\/p>\n<p>OT\/VT Projelendirme ( Sat\u0131\u015f \u00f6ncesi )<\/p>\n<p>Destek ve Dan\u0131\u015fmanl\u0131k ( Sat\u0131\u015f sonras\u0131 )<\/p>\n<p>Y\u0131ll\u0131k Bak\u0131m Anla\u015fmas\u0131 ( Periyodik servis )<\/p>\n<p>Kablosuz A\u011f &#8211; Access Point Projeleri<\/p>\n<p>Depo Y\u00f6netimi ve Sevkiyat otomasyonu<\/p>\n<p>\u00dcretim Takip, Veri Toplama s\u00fcre\u00e7leri<\/p>\n<p>Say\u0131m i\u015flemleri (Kontroll\u00fc ve Kontrols\u00fcz)<\/p>\n<p>Etiket Bas\u0131m\u0131 (Fiyat veya indirim Etiketi)<\/p>\n<p>PDKS &#8211; Personel Kontrol Sistemleri<\/td>\n<td width=\"349\">El Terminali, Terminal Aksesuarlar\u0131<\/p>\n<p>Barkod okuyucu, Barkod yaz\u0131c\u0131lar<\/p>\n<p>Barkod Etiket ve Ribbon<\/p>\n<p>Barkod Sarf Malzemeleri<\/p>\n<p>Kart Yaz\u0131c\u0131lar, Fi\u015f Yaz\u0131c\u0131lar<\/p>\n<p>Termal yaz\u0131c\u0131lar, Pos yaz\u0131c\u0131lar<\/p>\n<p>Tablet PC ve Pos PC \u00fcr\u00fcnleri<\/p>\n<p>End\u00fcstriyel PC, Yaz\u0131c\u0131, Okuyucu<\/p>\n<p>Tablet (kurumsal, end\u00fcstriyel)<\/p>\n<p>Kiosk ve Fiyat G\u00f6r cihazlar\u0131<\/p>\n<p>UPS &#8211; Kesintisiz G\u00fc\u00e7 Kayna\u011f\u0131<\/td>\n<\/tr>\n<\/tbody>\n<\/table>\n<p>&nbsp;<\/p>\n","protected":false},"excerpt":{"rendered":"<p>BARKOD OTOMASYON Barkod otomasyon ile ilgili yaz\u0131l\u0131m, donan\u0131m, sarf malzeme, sat\u0131\u015f ve teknik servis gibi konularda hizmet, destek vermekteyiz. Bunun &#8230; <\/p>\n<p class=\"read-more-container\"><a title=\"BARKOD \u00c7\u00d6Z\u00dcMLER\u0130\" class=\"read-more button\" href=\"https:\/\/www.buraksen.com\/index.php\/barkod-cozumleri\/#more-594\" aria-label=\"Read more about BARKOD \u00c7\u00d6Z\u00dcMLER\u0130\">Read more<\/a><\/p>\n","protected":false},"author":1,"featured_media":596,"parent":0,"menu_order":0,"comment_status":"closed","ping_status":"closed","template":"","meta":{"footnotes":""},"class_list":["post-594","page","type-page","status-publish","has-post-thumbnail"],"_links":{"self":[{"href":"https:\/\/www.buraksen.com\/index.php\/wp-json\/wp\/v2\/pages\/594","targetHints":{"allow":["GET"]}}],"collection":[{"href":"https:\/\/www.buraksen.com\/index.php\/wp-json\/wp\/v2\/pages"}],"about":[{"href":"https:\/\/www.buraksen.com\/index.php\/wp-json\/wp\/v2\/types\/page"}],"author":[{"embeddable":true,"href":"https:\/\/www.buraksen.com\/index.php\/wp-json\/wp\/v2\/users\/1"}],"replies":[{"embeddable":true,"href":"https:\/\/www.buraksen.com\/index.php\/wp-json\/wp\/v2\/comments?post=594"}],"version-history":[{"count":0,"href":"https:\/\/www.buraksen.com\/index.php\/wp-json\/wp\/v2\/pages\/594\/revisions"}],"wp:featuredmedia":[{"embeddable":true,"href":"https:\/\/www.buraksen.com\/index.php\/wp-json\/"}],"wp:attachment":[{"href":"https:\/\/www.buraksen.com\/index.php\/wp-json\/wp\/v2\/media?parent=594"}],"curies":[{"name":"wp","href":"https:\/\/api.w.org\/{rel}","templated":true}]}}