{"id":571,"date":"2020-09-13T15:12:04","date_gmt":"2020-09-13T12:12:04","guid":{"rendered":"http:\/\/www.buraksen.com\/?page_id=571"},"modified":"2020-09-13T15:12:04","modified_gmt":"2020-09-13T12:12:04","slug":"dijital-pazarlama","status":"publish","type":"page","link":"https:\/\/www.buraksen.com\/index.php\/dijital-pazarlama\/","title":{"rendered":"D\u0130J\u0130TAL PAZARLAMA"},"content":{"rendered":"<p style=\"text-align: center;\"><strong>SEM (Search Engine Marketing)<\/strong><br \/>\nSEM, T\u00fcrk\u00e7esi \u201cArama Motoru Pazarlamas\u0131\u201d internet web sitelerinin, arama motoru sonu\u00e7 sayfalar\u0131ndaki listeleme say\u0131s\u0131n\u0131 artt\u0131rarak tan\u0131t\u0131m yapan internet pazarlama y\u00f6ntemine denilmektedir.<\/p>\n<p style=\"text-align: center;\"><strong>Google Ads (AdWords)<\/strong><br \/>\nGoogle Ads eski ad\u0131 ile AdWords Google firmas\u0131n\u0131n bir reklam servisidir. \u0130nternet \u00fczerinden sat\u0131lmak istenen \u00fcr\u00fcn veya hizmeti en h\u0131zl\u0131 ve pratik \u015fekilde pazarlanmas\u0131n\u0131 sa\u011flar. Google Adwords iyi planlanm\u0131\u015f bir reklam stratejisi ve do\u011fru b\u00fct\u00e7eler ile firman\u0131za ait sitenizin trafi\u011fini, ziyaret\u00e7i say\u0131s\u0131n\u0131, ger\u00e7ekle\u015ftirmek istedi\u011fi ama\u00e7lar\u0131 geli\u015ftirir. \u00d6zellikle yeni a\u00e7\u0131lan bir e-ticaret web sitesinin duyurulmas\u0131 i\u00e7in en g\u00fc\u00e7l\u00fc pazarlama y\u00f6ntemlerinden biridir. Do\u011fru planlama ve y\u00f6netim ile belirlenecek anahtar kelimeler arama motorlar\u0131nda web sitenizin \u00fcst s\u0131ralarda g\u00f6r\u00fcnmesini sa\u011flayacakt\u0131r.<\/p>\n<p>Burak \u015eEN; Google Sem \u00e7al\u0131\u015fmas\u0131n\u0131 yapar. Sitenize Google Analytics kodlar\u0131n\u0131 ekler ve t\u00fcm siteyi analiz edip raporlar. D\u00fc\u015f\u00fck b\u00fct\u00e7eler ile en y\u00fcksek fayday\u0131 sa\u011flar. Sizin i\u00e7in do\u011fru reklam modelini belirler. En fazla geri d\u00f6n\u00fc\u015f alaca\u011f\u0131n\u0131z ve maddi fayda sa\u011flayacak sistemi kurar. Reklam \u00e7al\u0131\u015fmas\u0131 ile ilgili d\u00fczenli raporlar \u00e7\u0131kart\u0131r de\u011ferlendirir ve sizlere sunar. Google Arama Reklamlar\u0131, \u00dcr\u00fcn Listeleme Reklamlar\u0131, Remarketing Kampanyalar\u0131, Mobil Reklamlar, Video Reklamlar gibi farkl\u0131 t\u00fcrlerdeki Max. Fayda &amp; Sonuca Odaklama uygulamalar\u0131 i\u00e7in bizi tercih edebilirsiniz.<\/p>\n<p style=\"text-align: center;\"><strong>Sosyal medya reklamc\u0131l\u0131\u011f\u0131\u00a0<\/strong><br \/>\nFirmalar\u0131n ve markalar\u0131n\u0131n b\u00fct\u00fcnle\u015fik bir sosyal medya stratejisi planlamas\u0131, sosyal medya ileti\u015fimi kurmas\u0131 ve y\u00f6netmesi marka de\u011feri a\u00e7\u0131s\u0131ndan olduk\u00e7a \u00f6nemlidir. Sosyal medya stratejisi planlamas\u0131na uygun bir sosyal medya konumlanmas\u0131 elde etmek, bunu geli\u015ftirerek, s\u00fcrd\u00fcrmek olduk\u00e7a incelik ve dikkat gerektiren bir i\u015ftir. Marka i\u00e7in sadece \u00fcr\u00fcn veya hizmetleri tan\u0131tmak yetmeyece\u011finden kimi ekstra s\u00fcre\u00e7ler \u00fcretmek gerekir. Bu y\u00fczden sosyal medya stratejine ba\u011fl\u0131 olarak kampanyalar, yar\u0131\u015fmalar, anketler haz\u0131rlamak; aktif ve potansiyel takip\u00e7ilerle ger\u00e7ek zamanl\u0131 ileti\u015fim kurmak ve t\u00fcm ilgililerin birbirini anlayabildi\u011fi organik ba\u011f kurmas\u0131n\u0131 sa\u011flamak olduk\u00e7a \u00f6nemlidir. Elbette b\u00fct\u00fcn bunlar\u0131 sosyal medya y\u00f6netimi ile ilgili olarak d\u00fczenli ayl\u0131k raporlara d\u00f6n\u00fc\u015ft\u00fcrmek ve d\u00fczenli toplant\u0131larla geli\u015ftirmenin yollar\u0131n\u0131 aramak gereklidir.<\/p>\n<p style=\"text-align: center;\"><strong>Facebook Reklamlar\u0131<\/strong><br \/>\nD\u00fcnyada Facebook\u2019a en \u00e7ok \u00fcye olan \u00fclkelerden biri T\u00fcrkiye\u2019dir ve Facebook b\u00fcy\u00fck bir reklam potansiyeline sahiptir. Bu y\u00fczden Facebook reklamlar\u0131n\u0131 y\u00f6netmek \u00f6zel bir strateji gerektirir. Do\u011fru hedef kitleyi belirleyerek, \u00fcr\u00fcn ve hizmet tan\u0131t\u0131mlar\u0131 yap\u0131lmas\u0131 \u00f6nemlidir. Sitede g\u00fc\u00e7l\u00fc etkile\u015fim i\u00e7in kimi kriterler hedef olarak \u00f6ne \u00e7\u0131kar\u0131labilir. Bunlar ya\u015f, cinsiyet, co\u011frafi durum, ilgi alan\u0131, meslek gibi ki\u015fisel odaklar olabilir. Bu tip hedeflenmeler Facebook reklamlar\u0131n\u0131n b\u00fct\u00e7elendirilmesini kolayla\u015ft\u0131r\u0131r. Dolay\u0131s\u0131yla Burak \u015eEN firman\u0131za ve markan\u0131za hem hedefler i\u00e7in hem de b\u00fct\u00e7elendirme i\u00e7in optimum belirlemeleri olanakl\u0131 k\u0131larak hizmet verir.<\/p>\n<p style=\"text-align: center;\"><strong>Instagram Reklamlar\u0131<\/strong><br \/>\nT\u00fcrkiye\u2019de, \u00fcye say\u0131s\u0131 daha az olmas\u0131na ra\u011fmen Facebook\u2019tan daha etkili kullan\u0131lan bir sosyal medya unsurudur Instagram. Facebook reklamlar\u0131ndaki benzer s\u00fcre\u00e7leri Instagram \u00fczerinden de ger\u00e7ekle\u015ftirmek m\u00fcmk\u00fcnd\u00fcr. \u0130nternet sitesine t\u0131klamalar, mobil uygulama y\u00fcklemeleri, video g\u00f6r\u00fcnt\u00fclemeleri gibi farkl\u0131 reklam t\u00fcrleri tercih edilbilir. T\u00fcm Instagram reklamlar\u0131n\u0131n sa\u011f \u00fcst\u00fcnde sponsorlu simgesi olur ve g\u00f6rselin alt\u0131nda eylem \u00e7a\u011fr\u0131s\u0131 d\u00fc\u011fmesi yer al\u0131r. Reklam\u0131n\u0131z\u0131n a\u00e7\u0131klamas\u0131, g\u00f6rselin ve eylem \u00e7a\u011fr\u0131s\u0131 d\u00fc\u011fmesinin alt\u0131nda g\u00f6r\u00fcnt\u00fclenecektir. Cihaz ve demografi hedefleme, detayl\u0131 raporlama, y\u00fcksek d\u00f6n\u00fc\u015f\u00fcm oran\u0131, konum ve kitle hedefleme, kampanya s\u00fcresi ve b\u00fct\u00e7e belirleme gibi \u00f6zellikler Instagram reklamlar\u0131n\u0131n tercih edilmesine neden olmaktad\u0131r. Burak \u015eEN b\u00fct\u00fcn bu s\u00fcre\u00e7leri firman\u0131z ve markan\u0131z ad\u0131na y\u00fcr\u00fct\u00fcr ve \u00fcr\u00fcnlerinizin de\u011ferlenmesini sa\u011flar.<\/p>\n","protected":false},"excerpt":{"rendered":"<p>SEM (Search Engine Marketing) SEM, T\u00fcrk\u00e7esi \u201cArama Motoru Pazarlamas\u0131\u201d internet web sitelerinin, arama motoru sonu\u00e7 sayfalar\u0131ndaki listeleme say\u0131s\u0131n\u0131 artt\u0131rarak tan\u0131t\u0131m &#8230; <\/p>\n<p class=\"read-more-container\"><a title=\"D\u0130J\u0130TAL PAZARLAMA\" class=\"read-more button\" href=\"https:\/\/www.buraksen.com\/index.php\/dijital-pazarlama\/#more-571\" aria-label=\"Read more about D\u0130J\u0130TAL PAZARLAMA\">Read more<\/a><\/p>\n","protected":false},"author":1,"featured_media":0,"parent":0,"menu_order":0,"comment_status":"closed","ping_status":"closed","template":"","meta":{"footnotes":""},"class_list":["post-571","page","type-page","status-publish"],"_links":{"self":[{"href":"https:\/\/www.buraksen.com\/index.php\/wp-json\/wp\/v2\/pages\/571","targetHints":{"allow":["GET"]}}],"collection":[{"href":"https:\/\/www.buraksen.com\/index.php\/wp-json\/wp\/v2\/pages"}],"about":[{"href":"https:\/\/www.buraksen.com\/index.php\/wp-json\/wp\/v2\/types\/page"}],"author":[{"embeddable":true,"href":"https:\/\/www.buraksen.com\/index.php\/wp-json\/wp\/v2\/users\/1"}],"replies":[{"embeddable":true,"href":"https:\/\/www.buraksen.com\/index.php\/wp-json\/wp\/v2\/comments?post=571"}],"version-history":[{"count":0,"href":"https:\/\/www.buraksen.com\/index.php\/wp-json\/wp\/v2\/pages\/571\/revisions"}],"wp:attachment":[{"href":"https:\/\/www.buraksen.com\/index.php\/wp-json\/wp\/v2\/media?parent=571"}],"curies":[{"name":"wp","href":"https:\/\/api.w.org\/{rel}","templated":true}]}}