{"id":520,"date":"2020-04-20T10:40:38","date_gmt":"2020-04-20T07:40:38","guid":{"rendered":"http:\/\/www.buraksen.com\/?page_id=520"},"modified":"2020-04-20T10:40:38","modified_gmt":"2020-04-20T07:40:38","slug":"e-ticaret-danismanligi","status":"publish","type":"page","link":"https:\/\/www.buraksen.com\/index.php\/e-ticaret-danismanligi\/","title":{"rendered":"E-T\u0130CARET DANI\u015eMANLI\u011eI"},"content":{"rendered":"<p>E-Ticaret projelerinizin t\u00fcm a\u015famalar\u0131nda ihtiya\u00e7 duyabilece\u011finiz konularda size profesyonel destek vermek i\u00e7in sundu\u011fumuz \u00e7e\u015fitli hizmet ve dan\u0131\u015fmanl\u0131klar mevcuttur. Proje dan\u0131\u015fmanl\u0131\u011f\u0131; sat\u0131lacak \u00fcr\u00fcne kadar verilmesi, site altyap\u0131s\u0131n\u0131n se\u00e7ilmesi gibi ilk ba\u015ftan ba\u015flayarak, sat\u0131\u015f sonras\u0131 raporlama, m\u00fc\u015fteri hizmetlerine kadar olan t\u00fcm s\u00fcre\u00e7lere karar verilmesi, y\u00fcr\u00fct\u00fclmesi ve i\u015f geli\u015ftirme hizmetlerini i\u00e7erir.<\/p>\n<p>Projeniz kapsam\u0131nda size \u00e7e\u015fitli hizmet vermesi gereken \u015fah\u0131slar veya firmalar kar\u015f\u0131n\u0131za \u00e7\u0131kacakt\u0131r. Bu ki\u015filer ile sizin ad\u0131n\u0131za veya birlikte g\u00f6r\u00fc\u015ferek en do\u011fru hizmeti en uygun fiyata alabilmeniz i\u00e7in gerekli anla\u015fmalar\u0131 sa\u011flayabiliriz.<br \/>\nE-ticaret altyap\u0131s\u0131, hizmet sa\u011flay\u0131c\u0131lar, seo ajans, dijital pazarlama, sms veya e-mailing, kargo-lojistik, muhasebe ticari program, e-fatura, e-ar\u015fiv, sanal pos \u00f6deme sistemleri, s\u00f6zle\u015fmeler, kvkk hukuk s\u00fcre\u00e7leri gibi pek \u00e7ok farkl\u0131 konuda do\u011fru karar verebilmeniz ve bu firmalar ile yapaca\u011f\u0131n\u0131z \u00e7al\u0131\u015fmalar\u0131n kontrol ve denetlenmesi gibi \u00e7e\u015fitli konularda profesyonel destek verebiliriz.<\/p>\n<p>Dan\u0131\u015fmanl\u0131klar ayl\u0131k periyotlar halinde veya proje baz\u0131nda yap\u0131l\u0131r. Bu kapsamda verilecek destek ve dan\u0131\u015fmanl\u0131klar 4 farkl\u0131 modelde sunulmaktad\u0131r.<\/p>\n<ul>\n<li><strong>Proje deste\u011fi:<\/strong> Bilgi ve tecr\u00fcbe payla\u015fma, yap\u0131lacak toplant\u0131lar ile de\u011ferlendirme, karar verme, telefon veya uzaktan y\u00f6netim)<\/li>\n<li><strong>Proje dan\u0131\u015fmanl\u0131\u011f\u0131:<\/strong> Belirlenen zamanlarda m\u00fc\u015fteriye gidilerek \u00f6nceden planlanan konularda firman\u0131n i\u00e7erisindeki ilgili ki\u015filer veya departmanlar ile birlikte proje konusunda \u00e7al\u0131\u015fmalar yapmak<\/li>\n<li><strong>Uzaktan e\u011fitim veya destek hizmetleri:<\/strong> Projenizin t\u00fcm s\u00fcre\u00e7leri ile ilgili telefon g\u00f6r\u00fc\u015fmeleri, video konferans ile e\u011fitim, uzaktan ba\u011flant\u0131 y\u00f6ntemi ile destek<\/li>\n<li><strong>Yerinde e\u011fitim veya destek hizmetleri:<\/strong> E-ticaret projeniz hayata ge\u00e7meden \u00f6nce ve\/veya daha sonras\u0131nda \u00e7al\u0131\u015fan personelin e\u011fitimi, s\u00fcre\u00e7 iyile\u015ftirme, i\u015f geli\u015ftirme \u00e7al\u0131\u015fmalar\u0131 yapmaktay\u0131z. Ya da i\u015f ile ilgili kar\u015f\u0131la\u015f\u0131lan hata ve sorunlar ile ilgili yerinde destek hizmetleri vermekteyiz.<\/li>\n<\/ul>\n<p style=\"text-align: center;\"><span style=\"color: #000080;\"><strong>E-ticaret dan\u0131\u015fmanl\u0131\u011f\u0131 kapsam\u0131nda yapt\u0131\u011f\u0131m\u0131z i\u015flerden baz\u0131lar\u0131 k\u0131saca;<\/strong><\/span><\/p>\n<ul>\n<li style=\"text-align: left;\">E-ticaret sitesi kurulumu veya haz\u0131r eticaret altyap\u0131lar\u0131n\u0131n y\u00f6netimi<\/li>\n<li style=\"text-align: left;\">Kurulu eticaret sitenizin tasar\u0131m ve i\u00e7erik d\u00fczenlemeleri, iyile\u015ftirmelerin ve geli\u015ftirmelerin yap\u0131lmas\u0131<\/li>\n<li style=\"text-align: left;\">E-ticaret sitesinin trafik, etkile\u015fim ve al\u0131\u015fveri\u015f d\u00f6n\u00fc\u015f\u00fcm oranlar\u0131n\u0131 artt\u0131racak \u00e7al\u0131\u015fmalar yapmak.<\/li>\n<li style=\"text-align: left;\">Dijital reklam ihtiya\u00e7lar\u0131n\u0131z\u0131 belirlemek ve bu ihtiya\u00e7lar do\u011frultusunda dijital pazarlama faaliyetlerinizi belirlemek ve gereken \u00e7al\u0131\u015fmalar\u0131 yapmak.<\/li>\n<li>Anahtar kelime analizi yapmak. Web sitenizin m\u00fc\u015fteri trafi\u011fini ve cirosunu artt\u0131rmak i\u00e7in uygulanacak y\u00f6ntemleri sunmak<\/li>\n<li>Google Adwords, Merchant center, GTAG Global Site Etiketi, Analytics ve benzeri google uygulamalar\u0131n\u0131n hesaplar\u0131n\u0131n a\u00e7\u0131lmas\u0131, d\u00fczenlenmesi, y\u00f6netilmesi<\/li>\n<li>Rekabet analizi, \u00fcr\u00fcn ve fiyat politikalar\u0131n\u0131n belirlenmesi ve raporlama deste\u011fi<\/li>\n<li style=\"text-align: left;\">\u00dcr\u00fcnden sat\u0131\u015f sonras\u0131 deste\u011fe kadar t\u00fcm s\u00fcre\u00e7leri ve verileri analiz ederek sat\u0131\u015f\u0131 artt\u0131racak \u00e7\u00f6z\u00fcmler sunmak.<\/li>\n<li style=\"text-align: left;\">E-ticaret s\u00fcre\u00e7lerinin entegrasyonlar\u0131n\u0131n sa\u011flanmas\u0131<\/li>\n<li style=\"text-align: left;\">Hepsiburada, Trendyol, N11, Gittigidiyor, Amazon, E-PTT Avm gibi farkl\u0131 pazaryerlerindeki sanal ma\u011fazalar\u0131n a\u00e7\u0131lmas\u0131 ve y\u00f6netilmesi ile ilgili t\u00fcm i\u015flemler<\/li>\n<li style=\"text-align: left;\">Sanal pos, e-fatura, e-ar\u015fiv gibi sistemlerin kurulum ve deste\u011fi<\/li>\n<\/ul>\n<p style=\"text-align: left;\">Eticaret sitenizin, markan\u0131z\u0131n bilinirli\u011fini, m\u00fc\u015fteri say\u0131s\u0131n\u0131 dolay\u0131s\u0131yla sat\u0131\u015flar\u0131n\u0131 artt\u0131rmaya y\u00f6nelik \u00e7al\u0131\u015fmalar\u0131m\u0131 Eticaret ve internet d\u00fcnyas\u0131ndaki teknolojileri, g\u00fcncel geli\u015fmeleri takip ederek ve projelerinizde uygulayarak u\u00e7tan uca dijital dan\u0131\u015fmanl\u0131k sunuyoruz..<\/p>\n","protected":false},"excerpt":{"rendered":"<p>E-Ticaret projelerinizin t\u00fcm a\u015famalar\u0131nda ihtiya\u00e7 duyabilece\u011finiz konularda size profesyonel destek vermek i\u00e7in sundu\u011fumuz \u00e7e\u015fitli hizmet ve dan\u0131\u015fmanl\u0131klar mevcuttur. Proje dan\u0131\u015fmanl\u0131\u011f\u0131; &#8230; <\/p>\n<p class=\"read-more-container\"><a title=\"E-T\u0130CARET DANI\u015eMANLI\u011eI\" class=\"read-more button\" href=\"https:\/\/www.buraksen.com\/index.php\/e-ticaret-danismanligi\/#more-520\" aria-label=\"Read more about E-T\u0130CARET DANI\u015eMANLI\u011eI\">Read more<\/a><\/p>\n","protected":false},"author":1,"featured_media":0,"parent":0,"menu_order":0,"comment_status":"closed","ping_status":"closed","template":"","meta":{"footnotes":""},"class_list":["post-520","page","type-page","status-publish"],"_links":{"self":[{"href":"https:\/\/www.buraksen.com\/index.php\/wp-json\/wp\/v2\/pages\/520","targetHints":{"allow":["GET"]}}],"collection":[{"href":"https:\/\/www.buraksen.com\/index.php\/wp-json\/wp\/v2\/pages"}],"about":[{"href":"https:\/\/www.buraksen.com\/index.php\/wp-json\/wp\/v2\/types\/page"}],"author":[{"embeddable":true,"href":"https:\/\/www.buraksen.com\/index.php\/wp-json\/wp\/v2\/users\/1"}],"replies":[{"embeddable":true,"href":"https:\/\/www.buraksen.com\/index.php\/wp-json\/wp\/v2\/comments?post=520"}],"version-history":[{"count":0,"href":"https:\/\/www.buraksen.com\/index.php\/wp-json\/wp\/v2\/pages\/520\/revisions"}],"wp:attachment":[{"href":"https:\/\/www.buraksen.com\/index.php\/wp-json\/wp\/v2\/media?parent=520"}],"curies":[{"name":"wp","href":"https:\/\/api.w.org\/{rel}","templated":true}]}}