{"id":454,"date":"2020-04-17T23:39:11","date_gmt":"2020-04-17T20:39:11","guid":{"rendered":"http:\/\/www.buraksen.com\/?page_id=454"},"modified":"2020-04-17T23:39:11","modified_gmt":"2020-04-17T20:39:11","slug":"seo-danismanligi","status":"publish","type":"page","link":"https:\/\/www.buraksen.com\/index.php\/seo-danismanligi\/","title":{"rendered":"SEO Dan\u0131\u015fmanl\u0131\u011f\u0131"},"content":{"rendered":"<p>Firman\u0131z\u0131n, markan\u0131z\u0131n, \u00fcr\u00fcnlerinizin internet \u00fczeride kolayca bulunmas\u0131n\u0131 istiyorsan\u0131z web sitenizin Google ve di\u011fer arama motorlar\u0131 i\u00e7in optimize olmas\u0131n\u0131 sa\u011flamal\u0131s\u0131n\u0131z.<\/p>\n<h5 style=\"text-align: center;\"><span style=\"color: #800000;\">SEO (Search Engine Optimization) &#8211;\u00a0SEO Nedir?<\/span><\/h5>\n<p>SEO\u2019nun anlam\u0131 \u201carama motoru optimizasyonu\u201ddur. web sitenizi google, yandex, bing gibi web arama motorlar\u0131nda en iyi \u015fekilde listelenmesini sa\u011flamak i\u00e7in yap\u0131lan \u00e7al\u0131\u015fmalard\u0131r. Digital pazarlama \u00e7al\u0131\u015fmalar\u0131n\u0131n en \u00f6nemli kollar\u0131ndan biridir.<\/p>\n<h5 style=\"text-align: center;\"><span style=\"color: #333399;\">SEO neden gerekli?<\/span><\/h5>\n<p>SEO uzun vadede organik olarak size en fazla trafik ve ziyaret\u00e7i say\u0131s\u0131 sa\u011flayacak olan pazarlama uygulamas\u0131d\u0131r. Bir web sitesini a\u00e7\u0131p herhangi bir SEO \u00e7al\u0131\u015fmas\u0131 yapmazsan\u0131z sitenizin listelenmesi, t\u0131klanma say\u0131s\u0131 gibi kriterler d\u00fc\u015f\u00fck kalacakt\u0131r. Kullan\u0131c\u0131lar\u0131n internet \u00fczerinde herhangi bir bilgiyi, \u00fcr\u00fcn ya da hizmeti aramak i\u00e7in %87 oran\u0131nda arama motorlar\u0131n\u0131 kulland\u0131\u011f\u0131 belirtilmektedir. Bu oran\u0131 d\u00fc\u015f\u00fcn\u00fcrsek web aramalar\u0131nda \u00fcst s\u0131ralarda yer alman\u0131n ne kadar \u00f6nemli oldu\u011fu anla\u015f\u0131l\u0131r. Gene yap\u0131lan \u00e7al\u0131\u015fmalar g\u00f6steriyor ki, arama yapan kullan\u0131c\u0131lar\u0131n %60\u2019dan fazlas\u0131 arama sonu\u00e7lar\u0131n\u0131n ilk 3 sonucuna bak\u0131yor ve t\u0131kl\u0131yor. Yani ilk sayfada g\u00f6z\u00fckmek bile bazen yetersiz kalabiliyor. Bu durumda hedef her zaman ilk sayfan\u0131n ilk s\u0131ralar\u0131 olmal\u0131.<\/p>\n<h5 style=\"text-align: center;\"><span style=\"color: #000080;\">SEO \u00e7al\u0131\u015fmas\u0131n\u0131n faydalar\u0131 nelerdir?<\/span><\/h5>\n<p>\u0130yi bir SEO \u00e7al\u0131\u015fmas\u0131 web sitenizin arama motorlar\u0131nda \u00fcst s\u0131ralarda \u00e7\u0131kmas\u0131n\u0131 sa\u011flar. Bu firman\u0131za prestij ve g\u00fcven sa\u011flar. E\u011fer e-ticaret yap\u0131yorsan\u0131z prestij yan\u0131nda fazladan ziyaret\u00e7i say\u0131s\u0131 ve bu do\u011frultuda ciro getirecektir. SEO \u00e7al\u0131\u015fmas\u0131 bittikten sonra siteniz uzun s\u00fcreli olarak \u00fcst s\u0131ralarda g\u00f6z\u00fck\u00fcr. \u0130stedi\u011fimiz anahtar kelimelerin aramalar\u0131nda \u00fcst s\u0131ralarda olman\u0131z ziyaret\u00e7ilerin ak\u0131lda kalmas\u0131n\u0131 sa\u011flar, sitenizin bilinirli\u011fini artt\u0131r\u0131r. Paral\u0131 reklamlar yerine d\u00fc\u015f\u00fck b\u00fct\u00e7e ile \u00fcst s\u0131ralarda g\u00f6z\u00fckmeniz \u00e7ok daha ekonomiktir.<\/p>\n<p><span style=\"color: #42bdcd;\">Burak \u015eEN; <\/span>SEO analizi yapar. Web sitenizin panelini ve kod yap\u0131s\u0131n\u0131 inceler. Yanl\u0131\u015f ve eksikleri tespit eder ve size raporlar. Siteniz i\u00e7in uygun ve gerekli anahtar kelimeleri belirler. Bu kelimeleri SEO kriterlerine uygun bir \u015fekilde siteye entegre eder. Backlink analizi yapar. Sitenize gelen iyi ve k\u00f6t\u00fc linkleri tespit eder. Rekabet analizi yap\u0131p raporlar. Web sitenize \u00f6zel Google Search Console ve Google Analytics yaz\u0131l\u0131mlar\u0131n\u0131 kurar, y\u00f6netir.<\/p>\n<p><strong>K\u0131saca; SEO ile ilgili a\u015fa\u011f\u0131daki konularda destek verebilirim:<\/strong><\/p>\n<ul>\n<li style=\"text-align: left;\">SEO testlerinin yap\u0131lmas\u0131<\/li>\n<li style=\"text-align: left;\">Site i\u00e7i sorunlar\u0131n tespiti ve \u00e7\u00f6z\u00fcmleri<\/li>\n<li style=\"text-align: left;\">Analiz ve denetim raporlamas\u0131<\/li>\n<li style=\"text-align: left;\">Site i\u00e7i materyallerin seo uyumlu hale getirilmesi<\/li>\n<li style=\"text-align: left;\">Site optimizasyon h\u0131zland\u0131rma vs i\u015fler<\/li>\n<li style=\"text-align: left;\">Anahtar kelimelerin belirlenmesi<\/li>\n<li style=\"text-align: left;\">Site i\u00e7i arama optimizasyonu<\/li>\n<li style=\"text-align: left;\">Kategorilerin belirlenmesi<\/li>\n<li style=\"text-align: left;\">Link in\u015faas\u0131, sitemap olu\u015fturma ve benzeri di\u011fer t\u00fcm konular..<\/li>\n<\/ul>\n","protected":false},"excerpt":{"rendered":"<p>Firman\u0131z\u0131n, markan\u0131z\u0131n, \u00fcr\u00fcnlerinizin internet \u00fczeride kolayca bulunmas\u0131n\u0131 istiyorsan\u0131z web sitenizin Google ve di\u011fer arama motorlar\u0131 i\u00e7in optimize olmas\u0131n\u0131 sa\u011flamal\u0131s\u0131n\u0131z. SEO &#8230; <\/p>\n<p class=\"read-more-container\"><a title=\"SEO Dan\u0131\u015fmanl\u0131\u011f\u0131\" class=\"read-more button\" href=\"https:\/\/www.buraksen.com\/index.php\/seo-danismanligi\/#more-454\" aria-label=\"Read more about SEO Dan\u0131\u015fmanl\u0131\u011f\u0131\">Read more<\/a><\/p>\n","protected":false},"author":1,"featured_media":0,"parent":0,"menu_order":0,"comment_status":"closed","ping_status":"closed","template":"","meta":{"footnotes":""},"class_list":["post-454","page","type-page","status-publish"],"_links":{"self":[{"href":"https:\/\/www.buraksen.com\/index.php\/wp-json\/wp\/v2\/pages\/454","targetHints":{"allow":["GET"]}}],"collection":[{"href":"https:\/\/www.buraksen.com\/index.php\/wp-json\/wp\/v2\/pages"}],"about":[{"href":"https:\/\/www.buraksen.com\/index.php\/wp-json\/wp\/v2\/types\/page"}],"author":[{"embeddable":true,"href":"https:\/\/www.buraksen.com\/index.php\/wp-json\/wp\/v2\/users\/1"}],"replies":[{"embeddable":true,"href":"https:\/\/www.buraksen.com\/index.php\/wp-json\/wp\/v2\/comments?post=454"}],"version-history":[{"count":0,"href":"https:\/\/www.buraksen.com\/index.php\/wp-json\/wp\/v2\/pages\/454\/revisions"}],"wp:attachment":[{"href":"https:\/\/www.buraksen.com\/index.php\/wp-json\/wp\/v2\/media?parent=454"}],"curies":[{"name":"wp","href":"https:\/\/api.w.org\/{rel}","templated":true}]}}