{"id":362,"date":"2019-06-11T00:30:42","date_gmt":"2019-06-10T21:30:42","guid":{"rendered":"http:\/\/www.buraksen.com\/?page_id=362"},"modified":"2019-06-11T00:30:42","modified_gmt":"2019-06-10T21:30:42","slug":"iletisim","status":"publish","type":"page","link":"https:\/\/www.buraksen.com\/index.php\/iletisim\/","title":{"rendered":"\u0130LET\u0130\u015e\u0130M Bilgilerim:"},"content":{"rendered":"<p>Merhaba,<br \/>\nBenimle ileti\u015fim kurmak isterseniz a\u015fa\u011f\u0131daki email \u00fczerinden ula\u015fabilirsiniz. Maillere en k\u0131sa s\u00fcrede d\u00f6n\u00fc\u015f sa\u011flamaktay\u0131m. Akl\u0131n\u0131za tak\u0131lan veya bilgi almak istedi\u011finiz konular hakk\u0131nda yard\u0131mc\u0131 olabilirim ya da sadece merhaba diyerek istek, \u00f6neri, \u015fikayet veya iyi dileklerinizi iletebilirsiniz <img decoding=\"async\" class=\"emoji\" draggable=\"false\" src=\"https:\/\/s.w.org\/images\/core\/emoji\/12.0.0-1\/svg\/1f642.svg\" alt=\"\ud83d\ude42\" \/><\/p>\n<p><strong>Burak \u015eEN<\/strong><br \/>\nBilgi Teknolojileri ve E-Ticaret Dan\u0131\u015fman\u0131<br \/>\n<a href=\"mailto:burak@buraksen.com\">burak@buraksen.com<\/a><\/p>\n","protected":false},"excerpt":{"rendered":"<p>Merhaba, Benimle ileti\u015fim kurmak isterseniz a\u015fa\u011f\u0131daki email \u00fczerinden ula\u015fabilirsiniz. Maillere en k\u0131sa s\u00fcrede d\u00f6n\u00fc\u015f sa\u011flamaktay\u0131m. Akl\u0131n\u0131za tak\u0131lan veya bilgi almak &#8230; <\/p>\n<p class=\"read-more-container\"><a title=\"\u0130LET\u0130\u015e\u0130M Bilgilerim:\" class=\"read-more button\" href=\"https:\/\/www.buraksen.com\/index.php\/iletisim\/#more-362\" aria-label=\"Read more about \u0130LET\u0130\u015e\u0130M Bilgilerim:\">Read more<\/a><\/p>\n","protected":false},"author":1,"featured_media":0,"parent":0,"menu_order":0,"comment_status":"closed","ping_status":"closed","template":"","meta":{"footnotes":""},"class_list":["post-362","page","type-page","status-publish"],"_links":{"self":[{"href":"https:\/\/www.buraksen.com\/index.php\/wp-json\/wp\/v2\/pages\/362","targetHints":{"allow":["GET"]}}],"collection":[{"href":"https:\/\/www.buraksen.com\/index.php\/wp-json\/wp\/v2\/pages"}],"about":[{"href":"https:\/\/www.buraksen.com\/index.php\/wp-json\/wp\/v2\/types\/page"}],"author":[{"embeddable":true,"href":"https:\/\/www.buraksen.com\/index.php\/wp-json\/wp\/v2\/users\/1"}],"replies":[{"embeddable":true,"href":"https:\/\/www.buraksen.com\/index.php\/wp-json\/wp\/v2\/comments?post=362"}],"version-history":[{"count":0,"href":"https:\/\/www.buraksen.com\/index.php\/wp-json\/wp\/v2\/pages\/362\/revisions"}],"wp:attachment":[{"href":"https:\/\/www.buraksen.com\/index.php\/wp-json\/wp\/v2\/media?parent=362"}],"curies":[{"name":"wp","href":"https:\/\/api.w.org\/{rel}","templated":true}]}}